{"id":11937,"date":"2024-01-06T13:47:48","date_gmt":"2024-01-06T12:47:48","guid":{"rendered":"https:\/\/www.olioaulivus.it\/?post_type=product&#038;p=11937"},"modified":"2026-02-21T21:39:58","modified_gmt":"2026-02-21T20:39:58","slug":"arance","status":"publish","type":"product","link":"https:\/\/www.olioaulivus.it\/en\/delizie-siciliane\/arance\/","title":{"rendered":"Arance di Ribera <span>15 Kg<\/span>"},"content":{"rendered":"<h2>I 7 Buoni motivi per provare Arancia Sicania:<\/h2>\n<div id=\"comp-lqzapk7k2\" class=\"KcpHeO tz5f0K comp-lqzapk7k2 wixui-rich-text\" data-testid=\"richTextElement\">\n<p class=\"font_8 wixui-rich-text__text\"><strong><span class=\"wixui-rich-text__text\">1) \u00e8 un\u2019arancia NATURALE e NON trattata chimicamente<\/span><\/strong><\/p>\n<p class=\"font_8 wixui-rich-text__text\"><span class=\"wixui-rich-text__text\">La\u00a0Buccia \u00e8 al 100% EDIBILE\u00a0e la si pu\u00f2\u00a0utilizzare per qualsiasi ricetta in Cucina!<\/span><\/p>\n<\/div>\n<div id=\"comp-lqzapk7k7\" class=\"comp-lqzapk7k7 aVng1S wixui-horizontal-line\"><\/div>\n<div id=\"comp-lqzapk7l2\" class=\"KcpHeO tz5f0K comp-lqzapk7l2 wixui-rich-text\" data-testid=\"richTextElement\">\n<p class=\"font_8 wixui-rich-text__text\"><strong><span class=\"wixui-rich-text__text\">2) \u00e8 coltivata a Ribera, la &#8221; Citt\u00e0 delle Arance&#8221; NON su un territorio qualsiasi<\/span><\/strong><\/p>\n<p class=\"font_8 wixui-rich-text__text\"><span class=\"wixui-rich-text__text\">I terreni nei quali coltiviamo le arance appartengono alla nostra Famig<\/span><span class=\"wixui-rich-text__text\">lia\u00a0<span class=\"backcolor_27 wixui-rich-text__text\">da pi\u00f9 di 3 Generazioni e sono compresi all\u2019interno dell\u2019areale di produzione dell\u2019<\/span><span class=\"backcolor_27 wixui-rich-text__text\">Arancia di Ribera D.O.P.<\/span>\u00a0( il territorio dove crescono le arance pi\u00f9 buone del mondo) &#8211; Ribera (AG), Sicilia.<\/span><\/p>\n<\/div>\n<div id=\"comp-lqzapk7l7\" class=\"comp-lqzapk7l7 aVng1S wixui-horizontal-line\"><\/div>\n<div id=\"comp-lqzapk7m\" class=\"KcpHeO tz5f0K comp-lqzapk7m wixui-rich-text\" data-testid=\"richTextElement\">\n<p class=\"font_8 wixui-rich-text__text\"><strong><span class=\"wixui-rich-text__text\">3) e\u0300 un\u2019arancia ARTIGIANALE, NON industriale<\/span><\/strong><\/p>\n<p class=\"font_8 wixui-rich-text__text\"><span class=\"wixui-rich-text__text\"><span class=\"wixGuard wixui-rich-text__text\">\u200b<\/span><\/span><span class=\"wixui-rich-text__text\">Preferiamo produrre poche arance eccellenti, che tante mediocri.<\/span><\/p>\n<p>&nbsp;<\/p>\n<\/div>\n<div id=\"comp-lqzapk7o\" class=\"KcpHeO tz5f0K comp-lqzapk7o wixui-rich-text\" data-testid=\"richTextElement\">\n<p class=\"font_8 wixui-rich-text__text\"><strong><span class=\"wixui-rich-text__text\">4) ha un gusto Equilibrato, NON d\u00e0 problemi di digestione<\/span><\/strong><\/p>\n<p class=\"font_8 wixui-rich-text__text\"><span class=\"wixui-rich-text__text\"><span class=\"wixGuard wixui-rich-text__text\">\u200b<\/span><\/span><span class=\"wixui-rich-text__text\">Arancia Sicania ha un\u00a0equilibrato\u00a0rapporto\u00a0tra la sua parte\u00a0acida\u00a0e quella\u00a0zuccherina,\u00a0<span class=\"backcolor_27 wixui-rich-text__text\">questo la rende\u00a0confortevole\u00a0al\u00a0palato\u00a0e le dona un elevato grado di\u00a0digeribilit\u00e0.<\/span><\/span><\/p>\n<\/div>\n<div id=\"comp-lqzapk7o5\" class=\"comp-lqzapk7o5 aVng1S wixui-horizontal-line\"><\/div>\n<div id=\"comp-lqzapk7o10\" class=\"KcpHeO tz5f0K comp-lqzapk7o10 wixui-rich-text\" data-testid=\"richTextElement\">\n<p class=\"font_8 wixui-rich-text__text\"><strong><span class=\"wixui-rich-text__text\">5) Rispetta l\u2019uomo e l\u2019ambiente\u00a0<\/span><\/strong><\/p>\n<p class=\"font_8 wixui-rich-text__text\"><span class=\"wixui-rich-text__text\">Proviene da un\u2019agricoltura\u00a0sostenibile\u00a0senza sfruttamento del lavoro e senza ricorrere all\u2019uso di coltivazioni intensive e di produzioni industriali.<\/span><\/p>\n<\/div>\n<div id=\"comp-lqzapk7p4\" class=\"comp-lqzapk7p4 aVng1S wixui-horizontal-line\"><\/div>\n<div id=\"comp-lqzapk7p9\" class=\"KcpHeO tz5f0K comp-lqzapk7p9 wixui-rich-text\" data-testid=\"richTextElement\">\n<p class=\"font_8 wixui-rich-text__text\"><strong><span class=\"wixui-rich-text__text\">6)\u00a0 \u00e8 Buonissima ed \u00e8 Ricca di propriet\u00e0 Benefiche per la salute<\/span><\/strong><\/p>\n<p class=\"font_8 wixui-rich-text__text\"><span class=\"wixui-rich-text__text\">Sono Ricche di polpa, Succose e Profumate. La\u00a0nostra\u00a0missione non \u00e8 solo produrre e vendere arance ma\u00a0<span class=\"backcolor_27 wixui-rich-text__text\">\u00e8 quella di offrire un frutto che sia\u00a0buono\u00a0e soprattutto che abbia\u00a0ben<\/span><\/span><span class=\"wixui-rich-text__text\"><span class=\"backcolor_27 wixui-rich-text__text\">efici\u00a0per la\u00a0salute.<\/span><\/span><\/p>\n<\/div>\n<div id=\"comp-lqzapk7q1\" class=\"comp-lqzapk7q1 aVng1S wixui-horizontal-line\"><\/div>\n<div id=\"comp-lqzapk7r2\" class=\"KcpHeO tz5f0K comp-lqzapk7r2 wixui-rich-text\" data-testid=\"richTextElement\">\n<p class=\"font_8 wixui-rich-text__text\"><strong><span class=\"wixui-rich-text__text\">7) arriva a casa Tua direttamente dal produttore al consumatore Senza passare da nessun intermediario<\/span><\/strong><\/p>\n<p class=\"font_8 wixui-rich-text__text\"><span class=\"wixui-rich-text__text\">Il nostro obiettivo \u00e8 creare\u00a0Relazioni Umane Dirette\u00a0e di\u00a0Fiducia\u00a0per ridurre la distanza tra il Produttore ed il Consumatore.<\/span><\/p>\n<\/div>\n<p><img fetchpriority=\"high\" decoding=\"async\" class=\"alignnone size-medium wp-image-11940\" src=\"https:\/\/www.olioaulivus.it\/wp-content\/uploads\/2024\/01\/20A0868F-977C-4848-9A38-0EB0E6704680-e1704547498909-277x300.jpeg\" alt=\"\" width=\"277\" height=\"300\" title=\"\" srcset=\"https:\/\/www.olioaulivus.it\/wp-content\/uploads\/2024\/01\/20A0868F-977C-4848-9A38-0EB0E6704680-e1704547498909-277x300.jpeg 277w, https:\/\/www.olioaulivus.it\/wp-content\/uploads\/2024\/01\/20A0868F-977C-4848-9A38-0EB0E6704680-e1704547498909.jpeg 500w\" sizes=\"(max-width: 277px) 100vw, 277px\" \/><\/p>\n<section id=\"comp-lqzapk994\" class=\"comp-lqzapk994 CohWsy wixui-column-strip\">\n<div class=\"V5AUxf\" data-testid=\"columns\">\n<div id=\"comp-lqzapk9a\" class=\"comp-lqzapk9a YzqVVZ wixui-column-strip__column\">\n<div class=\"\" data-mesh-id=\"comp-lqzapk9ainlineContent\" data-testid=\"inline-content\">\n<div data-mesh-id=\"comp-lqzapk9ainlineContent-gridContainer\" data-testid=\"mesh-container-content\">\n<div id=\"comp-lqzapk9a7\" class=\"KcpHeO tz5f0K comp-lqzapk9a7 wixui-rich-text\" data-testid=\"richTextElement\">\n<p class=\"font_7 wixui-rich-text__text\"><strong><span class=\"wixui-rich-text__text\">Il Metodo Arancia Sicania:<\/span><\/strong><\/p>\n<\/div>\n<\/div>\n<\/div>\n<\/div>\n<\/div>\n<\/section>\n<div id=\"comp-lqzapk9b\" class=\"KcpHeO tz5f0K comp-lqzapk9b wixui-rich-text\" data-testid=\"richTextElement\">\n<p class=\"font_8 wixui-rich-text__text\"><span class=\"wixui-rich-text__text\">Il nostro &#8221;Metodo Arancia Sicania&#8221; \u00e8 un meticoloso disciplinare di produzione e distribuzione composto da ben\u00a05 fasi:<\/span><\/p>\n<p class=\"font_8 wixui-rich-text__text\"><span class=\"wixui-rich-text__text\">1) Coltivazione Naturale\u00a0con gli\u00a0Antichi Segreti\u00a0contadini\u00a0trasmessi\u00a0da generazioni\u00a0dalla nostra famiglia<\/span><\/p>\n<p class=\"font_8 wixui-rich-text__text\"><span class=\"wixui-rich-text__text\">2) Raccolta\u00a0a cadenza\u00a0settimanale\u00a0per far arrivare al consumatore un&#8217;arancia sempre\u00a0fresca\u00a0come appena staccata dalla pianta<\/span><\/p>\n<p class=\"font_8 wixui-rich-text__text\"><span class=\"wixui-rich-text__text\">3) Selezione manuale\u00a0delle arance migliori e sistemazione negli scatoli<\/span><\/p>\n<p class=\"font_8 wixui-rich-text__text\"><span class=\"wixui-rich-text__text\">4)\u00a0<\/span><span class=\"wixui-rich-text__text\">Trasporto\u00a0dalla nostra campagna di\u00a0Ribera (AG)\u00a0al magazzino di stoccaggio\u00a0<\/span><\/p>\n<p class=\"font_8 wixui-rich-text__text\"><span class=\"wixui-rich-text__text\">5)\u00a0Consegna a Domicilio\u00a0tramite corriere specializzato in sole\u00a048\/72<\/span><span class=\"wixui-rich-text__text\">\u00a0ore<\/span><\/p>\n<p class=\"font_8 wixui-rich-text__text\"><span class=\"wixui-rich-text__text\"><span class=\"wixGuard wixui-rich-text__text\">\u200b<\/span><\/span><\/p>\n<\/div>\n","protected":false},"excerpt":{"rendered":"<p><span style=\"font-size: 18pt;\"><strong>N. 1 confezione da 15 kg<\/strong><\/span><\/p>\n<p><strong>Caratteristiche:<\/strong><\/p>\n<p><strong>Calibro EXTRA<\/strong> &#8211; pezzatura grossa<\/p>\n<p>Polpa soda e croccante, al cui interno sono presenti le vescicole contenenti il succo che una volta in bocca si dissolvono rilasciando il succo garantendo una ottima persistenza gustativa del suo gusto e aroma.<\/p>\n<p>Buona sia come spremuta che da mangiare, in quanto si presenta ricca di polpa e molto succosa.<\/p>\n<p><strong>&#8221;Mentre la si mangia, sembra di berla&#8221;.<\/strong><\/p>\n<p><img decoding=\"async\" class=\"alignnone size-medium wp-image-11943\" src=\"https:\/\/www.olioaulivus.it\/wp-content\/uploads\/2024\/01\/Arancia-Sicania-e1704547584882-300x283.jpg\" alt=\"\" width=\"300\" height=\"283\" srcset=\"https:\/\/www.olioaulivus.it\/wp-content\/uploads\/2024\/01\/Arancia-Sicania-e1704547584882-300x283.jpg 300w, https:\/\/www.olioaulivus.it\/wp-content\/uploads\/2024\/01\/Arancia-Sicania-e1704547584882.jpg 499w\" sizes=\"(max-width: 300px) 100vw, 300px\" \/><\/p>\n<p>Particolarmente indicata per il consumo di frutta fresca e nell&#8217;uso in gastronomia, in cui si pu\u00f2 usare anche la Buccia in quanto Non \u00e8 Trattata ed \u00e8 quindi 100% Edibile.<\/p>\n<p><strong>&#8211; Vitamine C, A, B, glutatione, espiridina e tantissimi altri fitonutrienti<\/strong><\/p>\n<p><strong>&#8211; Senza Semi<\/strong><\/p>\n<p><strong>&#8211; Facile da Sbucciare<\/strong><\/p>\n<p><strong>&#8211; Elevata dolcezza e assenza di amaro;<\/strong><\/p>\n<p><strong>&#8211; Equilibrio nei sentori degli aromi e dei flavour<\/strong><\/p>\n<p><strong>&#8211;\u00a0Alta Digeribilit\u00e0<\/strong><\/p>\n<p><strong>&#8211; Gusto inimitabile<\/strong><\/p>\n","protected":false},"featured_media":11938,"template":"","meta":[],"product_brand":[],"product_cat":[38],"product_tag":[40],"class_list":{"0":"post-11937","1":"product","2":"type-product","3":"status-publish","4":"has-post-thumbnail","6":"product_cat-delizie-siciliane","7":"product_tag-delizie","8":"product_shipping_class-arance","10":"first","11":"outofstock","12":"shipping-taxable","13":"purchasable","14":"product-type-simple"},"_links":{"self":[{"href":"https:\/\/www.olioaulivus.it\/en\/wp-json\/wp\/v2\/product\/11937","targetHints":{"allow":["GET"]}}],"collection":[{"href":"https:\/\/www.olioaulivus.it\/en\/wp-json\/wp\/v2\/product"}],"about":[{"href":"https:\/\/www.olioaulivus.it\/en\/wp-json\/wp\/v2\/types\/product"}],"wp:featuredmedia":[{"embeddable":true,"href":"https:\/\/www.olioaulivus.it\/en\/wp-json\/wp\/v2\/media\/11938"}],"wp:attachment":[{"href":"https:\/\/www.olioaulivus.it\/en\/wp-json\/wp\/v2\/media?parent=11937"}],"wp:term":[{"taxonomy":"product_brand","embeddable":true,"href":"https:\/\/www.olioaulivus.it\/en\/wp-json\/wp\/v2\/product_brand?post=11937"},{"taxonomy":"product_cat","embeddable":true,"href":"https:\/\/www.olioaulivus.it\/en\/wp-json\/wp\/v2\/product_cat?post=11937"},{"taxonomy":"product_tag","embeddable":true,"href":"https:\/\/www.olioaulivus.it\/en\/wp-json\/wp\/v2\/product_tag?post=11937"}],"curies":[{"name":"wp","href":"https:\/\/api.w.org\/{rel}","templated":true}]}}